{"id":9,"date":"2023-09-03T21:51:27","date_gmt":"2023-09-03T21:51:27","guid":{"rendered":"http:\/\/aisurvey.argeva.com.tr\/?page_id=9"},"modified":"2023-09-04T12:38:17","modified_gmt":"2023-09-04T12:38:17","slug":"ana-sayfa","status":"publish","type":"page","link":"https:\/\/aisurvey.argeva.com.tr\/","title":{"rendered":"Yapay Zeka Destekli Anket Haz\u0131rlama"},"content":{"rendered":"<div id=\"pl-gb9-69e3463d91559\"  class=\"panel-layout\" ><div id=\"pg-gb9-69e3463d91559-0\"  class=\"panel-grid panel-has-style\" ><div class=\"panel-row-style panel-row-style-for-gb9-69e3463d91559-0\" ><div id=\"pgc-gb9-69e3463d91559-0-0\"  class=\"panel-grid-cell\" ><div id=\"panel-gb9-69e3463d91559-0-0-0\" class=\"so-panel widget widget_sow-editor panel-first-child panel-last-child\" data-index=\"0\" ><div class=\"panel-widget-style panel-widget-style-for-gb9-69e3463d91559-0-0-0\" ><div\n\t\t\t\n\t\t\tclass=\"so-widget-sow-editor so-widget-sow-editor-base\"\n\t\t\t\n\t\t>\n<div class=\"siteorigin-widget-tinymce textwidget\">\n\t<h2 style=\"text-align: center;\"><img decoding=\"async\" class=\"alignnone size-medium wp-image-138\" src=\"http:\/\/aisurvey.argeva.com.tr\/wp-content\/uploads\/2023\/09\/aaaaaaaaaaaaaaaaaaaaaaaaaaaa-kopya-300x300.jpg\" alt=\"\" width=\"300\" height=\"300\" srcset=\"https:\/\/aisurvey.argeva.com.tr\/wp-content\/uploads\/2023\/09\/aaaaaaaaaaaaaaaaaaaaaaaaaaaa-kopya-300x300.jpg 300w, https:\/\/aisurvey.argeva.com.tr\/wp-content\/uploads\/2023\/09\/aaaaaaaaaaaaaaaaaaaaaaaaaaaa-kopya-150x150.jpg 150w, https:\/\/aisurvey.argeva.com.tr\/wp-content\/uploads\/2023\/09\/aaaaaaaaaaaaaaaaaaaaaaaaaaaa-kopya-100x100.jpg 100w, https:\/\/aisurvey.argeva.com.tr\/wp-content\/uploads\/2023\/09\/aaaaaaaaaaaaaaaaaaaaaaaaaaaa-kopya.jpg 600w\" sizes=\"(max-width: 300px) 100vw, 300px\" \/><br \/>\n<span style=\"color: #000000;\"><strong>\u00c7al\u0131\u015fan G\u00f6r\u00fc\u015f ve Memnuniyet Anketleri<\/strong><\/span><\/h2>\n<p style=\"text-align: center;\"><span style=\"color: #000000;\">\u00c7al\u0131\u015fanlar\u0131n kurulu\u015flar\u0131 hakk\u0131ndaki g\u00f6r\u00fc\u015flerini, tutumlar\u0131n\u0131 ve alg\u0131lar\u0131n\u0131 \u00f6l\u00e7er (&#8220;\u0130klim Anketleri&#8221; olarak da bilinir).<\/span><\/p>\n<\/div>\n<\/div><\/div><\/div><\/div><div id=\"pgc-gb9-69e3463d91559-0-1\"  class=\"panel-grid-cell\" ><div id=\"panel-gb9-69e3463d91559-0-1-0\" class=\"so-panel widget widget_sow-editor panel-first-child panel-last-child\" data-index=\"1\" ><div class=\"panel-widget-style panel-widget-style-for-gb9-69e3463d91559-0-1-0\" ><div\n\t\t\t\n\t\t\tclass=\"so-widget-sow-editor so-widget-sow-editor-base\"\n\t\t\t\n\t\t>\n<div class=\"siteorigin-widget-tinymce textwidget\">\n\t<h2 style=\"text-align: center;\"><img decoding=\"async\" class=\"alignnone size-medium wp-image-146\" src=\"http:\/\/aisurvey.argeva.com.tr\/wp-content\/uploads\/2023\/09\/personal-interview-linear-icon-survey-questionnaire-form-customer-service-rating-employee-satisfaction-thin-line-illustration-contour-symbol-isolated-outline-drawing-editable-stroke-vector-3-300x300.jpg\" alt=\"\" width=\"300\" height=\"300\" srcset=\"https:\/\/aisurvey.argeva.com.tr\/wp-content\/uploads\/2023\/09\/personal-interview-linear-icon-survey-questionnaire-form-customer-service-rating-employee-satisfaction-thin-line-illustration-contour-symbol-isolated-outline-drawing-editable-stroke-vector-3-300x300.jpg 300w, https:\/\/aisurvey.argeva.com.tr\/wp-content\/uploads\/2023\/09\/personal-interview-linear-icon-survey-questionnaire-form-customer-service-rating-employee-satisfaction-thin-line-illustration-contour-symbol-isolated-outline-drawing-editable-stroke-vector-3-1024x1024.jpg 1024w, https:\/\/aisurvey.argeva.com.tr\/wp-content\/uploads\/2023\/09\/personal-interview-linear-icon-survey-questionnaire-form-customer-service-rating-employee-satisfaction-thin-line-illustration-contour-symbol-isolated-outline-drawing-editable-stroke-vector-3-150x150.jpg 150w, https:\/\/aisurvey.argeva.com.tr\/wp-content\/uploads\/2023\/09\/personal-interview-linear-icon-survey-questionnaire-form-customer-service-rating-employee-satisfaction-thin-line-illustration-contour-symbol-isolated-outline-drawing-editable-stroke-vector-3-768x768.jpg 768w, https:\/\/aisurvey.argeva.com.tr\/wp-content\/uploads\/2023\/09\/personal-interview-linear-icon-survey-questionnaire-form-customer-service-rating-employee-satisfaction-thin-line-illustration-contour-symbol-isolated-outline-drawing-editable-stroke-vector-3-1536x1536.jpg 1536w, https:\/\/aisurvey.argeva.com.tr\/wp-content\/uploads\/2023\/09\/personal-interview-linear-icon-survey-questionnaire-form-customer-service-rating-employee-satisfaction-thin-line-illustration-contour-symbol-isolated-outline-drawing-editable-stroke-vector-3-100x100.jpg 100w, https:\/\/aisurvey.argeva.com.tr\/wp-content\/uploads\/2023\/09\/personal-interview-linear-icon-survey-questionnaire-form-customer-service-rating-employee-satisfaction-thin-line-illustration-contour-symbol-isolated-outline-drawing-editable-stroke-vector-3.jpg 1920w\" sizes=\"(max-width: 300px) 100vw, 300px\" \/><br \/>\n<span style=\"color: #000000;\"><strong>\u00c7al\u0131\u015fan K\u00fclt\u00fcr\u00fc Anketi<\/strong><\/span><\/h2>\n<p style=\"text-align: center;\">\u00c7al\u0131\u015fanlar\u0131n bak\u0131\u015f a\u00e7\u0131s\u0131n\u0131 \u00f6l\u00e7er ve kurulu\u015fun veya b\u00f6l\u00fcmler ile uyumlu olup olmad\u0131\u011f\u0131n\u0131 de\u011ferlendirmek i\u00e7in tasarlanm\u0131\u015ft\u0131r.<\/p>\n<\/div>\n<\/div><\/div><\/div><\/div><div id=\"pgc-gb9-69e3463d91559-0-2\"  class=\"panel-grid-cell\" ><div id=\"panel-gb9-69e3463d91559-0-2-0\" class=\"so-panel widget widget_sow-editor panel-first-child panel-last-child\" data-index=\"2\" ><div class=\"panel-widget-style panel-widget-style-for-gb9-69e3463d91559-0-2-0\" ><div\n\t\t\t\n\t\t\tclass=\"so-widget-sow-editor so-widget-sow-editor-base\"\n\t\t\t\n\t\t>\n<div class=\"siteorigin-widget-tinymce textwidget\">\n\t<h2 style=\"text-align: center;\"><img decoding=\"async\" class=\"alignnone size-medium wp-image-146\" src=\"http:\/\/aisurvey.argeva.com.tr\/wp-content\/uploads\/2023\/09\/personal-interview-linear-icon-survey-questionnaire-form-customer-service-rating-employee-satisfaction-thin-line-illustration-contour-symbol-isolated-outline-drawing-editable-stroke-vector-3-300x300.jpg\" alt=\"\" width=\"300\" height=\"300\" srcset=\"https:\/\/aisurvey.argeva.com.tr\/wp-content\/uploads\/2023\/09\/personal-interview-linear-icon-survey-questionnaire-form-customer-service-rating-employee-satisfaction-thin-line-illustration-contour-symbol-isolated-outline-drawing-editable-stroke-vector-3-300x300.jpg 300w, https:\/\/aisurvey.argeva.com.tr\/wp-content\/uploads\/2023\/09\/personal-interview-linear-icon-survey-questionnaire-form-customer-service-rating-employee-satisfaction-thin-line-illustration-contour-symbol-isolated-outline-drawing-editable-stroke-vector-3-1024x1024.jpg 1024w, https:\/\/aisurvey.argeva.com.tr\/wp-content\/uploads\/2023\/09\/personal-interview-linear-icon-survey-questionnaire-form-customer-service-rating-employee-satisfaction-thin-line-illustration-contour-symbol-isolated-outline-drawing-editable-stroke-vector-3-150x150.jpg 150w, https:\/\/aisurvey.argeva.com.tr\/wp-content\/uploads\/2023\/09\/personal-interview-linear-icon-survey-questionnaire-form-customer-service-rating-employee-satisfaction-thin-line-illustration-contour-symbol-isolated-outline-drawing-editable-stroke-vector-3-768x768.jpg 768w, https:\/\/aisurvey.argeva.com.tr\/wp-content\/uploads\/2023\/09\/personal-interview-linear-icon-survey-questionnaire-form-customer-service-rating-employee-satisfaction-thin-line-illustration-contour-symbol-isolated-outline-drawing-editable-stroke-vector-3-1536x1536.jpg 1536w, https:\/\/aisurvey.argeva.com.tr\/wp-content\/uploads\/2023\/09\/personal-interview-linear-icon-survey-questionnaire-form-customer-service-rating-employee-satisfaction-thin-line-illustration-contour-symbol-isolated-outline-drawing-editable-stroke-vector-3-100x100.jpg 100w, https:\/\/aisurvey.argeva.com.tr\/wp-content\/uploads\/2023\/09\/personal-interview-linear-icon-survey-questionnaire-form-customer-service-rating-employee-satisfaction-thin-line-illustration-contour-symbol-isolated-outline-drawing-editable-stroke-vector-3.jpg 1920w\" sizes=\"(max-width: 300px) 100vw, 300px\" \/><br \/>\n<strong><span style=\"color: #000000;\">\u00c7al\u0131\u015fan Ba\u011fl\u0131l\u0131\u011f\u0131 Anketleri<\/span><\/strong><\/h2>\n<p style=\"text-align: center;\"><span style=\"color: #000000;\">\u00c7al\u0131\u015fanlar\u0131n i\u015flerine ve organizasyonlar\u0131na ba\u011fl\u0131l\u0131klar\u0131n\u0131, motivasyonlar\u0131n\u0131, ama\u00e7 duygular\u0131n\u0131 ve tutkular\u0131n\u0131 \u00f6l\u00e7er.<\/span><\/p>\n<\/div>\n<\/div><\/div><\/div><\/div><\/div><\/div><\/div>","protected":false},"excerpt":{"rendered":"<p>\u00c7al\u0131\u015fan G\u00f6r\u00fc\u015f ve Memnuniyet Anketleri \u00c7al\u0131\u015fanlar\u0131n kurulu\u015flar\u0131 hakk\u0131ndaki g\u00f6r\u00fc\u015flerini, tutumlar\u0131n\u0131 ve alg\u0131lar\u0131n\u0131 \u00f6l\u00e7er (&#8220;\u0130klim Anketleri&#8221; olarak da bilinir). \u00c7al\u0131\u015fan K\u00fclt\u00fcr\u00fc Anketi \u00c7al\u0131\u015fanlar\u0131n bak\u0131\u015f a\u00e7\u0131s\u0131n\u0131 \u00f6l\u00e7er ve kurulu\u015fun veya b\u00f6l\u00fcmler ile uyumlu olup olmad\u0131\u011f\u0131n\u0131 de\u011ferlendirmek i\u00e7in tasarlanm\u0131\u015ft\u0131r. \u00c7al\u0131\u015fan Ba\u011fl\u0131l\u0131\u011f\u0131 Anketleri \u00c7al\u0131\u015fanlar\u0131n i\u015flerine ve organizasyonlar\u0131na ba\u011fl\u0131l\u0131klar\u0131n\u0131, motivasyonlar\u0131n\u0131, ama\u00e7 duygular\u0131n\u0131 ve tutkular\u0131n\u0131 \u00f6l\u00e7er.<\/p>\n","protected":false},"author":1,"featured_media":0,"parent":0,"menu_order":0,"comment_status":"closed","ping_status":"closed","template":"","meta":{"footnotes":""},"class_list":["post-9","page","type-page","status-publish","hentry"],"_links":{"self":[{"href":"https:\/\/aisurvey.argeva.com.tr\/index.php\/wp-json\/wp\/v2\/pages\/9","targetHints":{"allow":["GET"]}}],"collection":[{"href":"https:\/\/aisurvey.argeva.com.tr\/index.php\/wp-json\/wp\/v2\/pages"}],"about":[{"href":"https:\/\/aisurvey.argeva.com.tr\/index.php\/wp-json\/wp\/v2\/types\/page"}],"author":[{"embeddable":true,"href":"https:\/\/aisurvey.argeva.com.tr\/index.php\/wp-json\/wp\/v2\/users\/1"}],"replies":[{"embeddable":true,"href":"https:\/\/aisurvey.argeva.com.tr\/index.php\/wp-json\/wp\/v2\/comments?post=9"}],"version-history":[{"count":80,"href":"https:\/\/aisurvey.argeva.com.tr\/index.php\/wp-json\/wp\/v2\/pages\/9\/revisions"}],"predecessor-version":[{"id":158,"href":"https:\/\/aisurvey.argeva.com.tr\/index.php\/wp-json\/wp\/v2\/pages\/9\/revisions\/158"}],"wp:attachment":[{"href":"https:\/\/aisurvey.argeva.com.tr\/index.php\/wp-json\/wp\/v2\/media?parent=9"}],"curies":[{"name":"wp","href":"https:\/\/api.w.org\/{rel}","templated":true}]}}